{"id":24944,"date":"2025-11-26T10:34:06","date_gmt":"2025-11-26T07:34:06","guid":{"rendered":"https:\/\/www.bagislargida.com\/?post_type=product&#038;p=24944"},"modified":"2025-12-15T09:40:47","modified_gmt":"2025-12-15T06:40:47","slug":"francala-25kg","status":"publish","type":"product","link":"https:\/\/www.bagislargida.com\/index.php\/product\/francala-25kg\/","title":{"rendered":"Francala 25Kg"},"content":{"rendered":"<p>Francala 25 kg bu\u011fday unu. Pastane tezgah \u00fcr\u00fcnleri i\u00e7in ideal.<\/p>\n<p>&nbsp;<\/p>\n<p>\u0130\u00e7indekiler: Bu\u011fday Unu, Antioksidan (Askorbik Asit)<\/p>\n<p>K\u00fcl (K.Mb) : Max. %0,65<\/p>\n<p>Protein : Min. %11<\/p>\n<p>Rutubet : Max. %14,5<\/p>\n<p>&nbsp;<\/p>\n<p>Besin \u00d6\u011feleri (100 gr un i\u00e7in)<\/p>\n<p>Enerji\u00a0 \u00a0 \u00a0 \u00a0 \u00a0 \u00a0 \u00a0 \u00a0 \u00a0 \u00a0 332Kcal<\/p>\n<p>Protein\u00a0 \u00a0 \u00a0 \u00a0 \u00a0 \u00a0 \u00a0 \u00a0 \u00a0 12,6 gr<\/p>\n<p>Karbonhidrat\u00a0 \u00a0 \u00a0 \u00a073 gr<\/p>\n<p>Ya\u011f\u00a0 \u00a0 \u00a0 \u00a0 \u00a0 \u00a0 \u00a0 \u00a0 \u00a0 \u00a0 \u00a0 \u00a0 \u00a00,54 gr<\/p>\n<p>Lif\u00a0 \u00a0 \u00a0 \u00a0 \u00a0 \u00a0 \u00a0 \u00a0 \u00a0 \u00a0 \u00a0 \u00a0 \u00a0 \u00a02,07 gr<\/p>\n","protected":false},"excerpt":{"rendered":"<p>Francala 25 kg bu\u011fday unu. Pastane tezgah \u00fcr\u00fcnleri i\u00e7in ideal. &nbsp; \u0130\u00e7indekiler: Bu\u011fday Unu, Antioksidan (Askorbik Asit) K\u00fcl (K.Mb) : Max. %0,65 Protein  [&#8230;]<\/p>\n","protected":false},"featured_media":26017,"template":"","meta":{"_monsterinsights_skip_tracking":false,"_monsterinsights_sitenote_active":false,"_monsterinsights_sitenote_note":"","_monsterinsights_sitenote_category":0},"product_brand":[],"product_cat":[85],"product_tag":[],"class_list":{"0":"post-24944","1":"product","2":"type-product","3":"status-publish","4":"has-post-thumbnail","6":"product_cat-bugday-unu","8":"first","9":"instock","10":"taxable","11":"shipping-taxable","12":"purchasable","13":"product-type-simple"},"_links":{"self":[{"href":"https:\/\/www.bagislargida.com\/index.php\/wp-json\/wp\/v2\/product\/24944","targetHints":{"allow":["GET"]}}],"collection":[{"href":"https:\/\/www.bagislargida.com\/index.php\/wp-json\/wp\/v2\/product"}],"about":[{"href":"https:\/\/www.bagislargida.com\/index.php\/wp-json\/wp\/v2\/types\/product"}],"wp:featuredmedia":[{"embeddable":true,"href":"https:\/\/www.bagislargida.com\/index.php\/wp-json\/wp\/v2\/media\/26017"}],"wp:attachment":[{"href":"https:\/\/www.bagislargida.com\/index.php\/wp-json\/wp\/v2\/media?parent=24944"}],"wp:term":[{"taxonomy":"product_brand","embeddable":true,"href":"https:\/\/www.bagislargida.com\/index.php\/wp-json\/wp\/v2\/product_brand?post=24944"},{"taxonomy":"product_cat","embeddable":true,"href":"https:\/\/www.bagislargida.com\/index.php\/wp-json\/wp\/v2\/product_cat?post=24944"},{"taxonomy":"product_tag","embeddable":true,"href":"https:\/\/www.bagislargida.com\/index.php\/wp-json\/wp\/v2\/product_tag?post=24944"}],"curies":[{"name":"wp","href":"https:\/\/api.w.org\/{rel}","templated":true}]}}