{"id":24940,"date":"2024-03-27T14:07:37","date_gmt":"2024-03-27T11:07:37","guid":{"rendered":"https:\/\/www.bagislargida.com\/?post_type=product&#038;p=24940"},"modified":"2025-11-26T11:35:39","modified_gmt":"2025-11-26T08:35:39","slug":"tam-bugday-unu-25kg","status":"publish","type":"product","link":"https:\/\/www.bagislargida.com\/index.php\/product\/tam-bugday-unu-25kg\/","title":{"rendered":"Tam Bu\u011fday Unu 25kg"},"content":{"rendered":"<p>Her t\u00fcrl\u00fc ekmek yap\u0131m\u0131nda kullan\u0131l\u0131r. G\u00fc\u00e7l\u00fc yap\u0131ya sahiptir.<\/p>\n<p>\u00d6zellikler ek\u015fi mayal\u0131 ekmeklerde iyi kabarma ve a\u00e7ma sa\u011flar.<\/p>\n<p>&nbsp;<\/p>\n<p>K\u00fcl (K.Mb) : Max. %2,05<\/p>\n<p>Protein : Min. %10.5<\/p>\n","protected":false},"excerpt":{"rendered":"<p>Her t\u00fcrl\u00fc ekmek yap\u0131m\u0131nda kullan\u0131l\u0131r. G\u00fc\u00e7l\u00fc yap\u0131ya sahiptir. \u00d6zellikler ek\u015fi mayal\u0131 ekmeklerde iyi kabarma ve a\u00e7ma sa\u011flar. &nbsp; K\u00fcl (K.Mb) : Max. %2,05  [&#8230;]<\/p>\n","protected":false},"featured_media":24941,"template":"","meta":{"_monsterinsights_skip_tracking":false,"_monsterinsights_sitenote_active":false,"_monsterinsights_sitenote_note":"","_monsterinsights_sitenote_category":0},"product_brand":[],"product_cat":[85],"product_tag":[],"class_list":{"0":"post-24940","1":"product","2":"type-product","3":"status-publish","4":"has-post-thumbnail","6":"product_cat-bugday-unu","8":"first","9":"instock","10":"taxable","11":"shipping-taxable","12":"purchasable","13":"product-type-simple"},"_links":{"self":[{"href":"https:\/\/www.bagislargida.com\/index.php\/wp-json\/wp\/v2\/product\/24940","targetHints":{"allow":["GET"]}}],"collection":[{"href":"https:\/\/www.bagislargida.com\/index.php\/wp-json\/wp\/v2\/product"}],"about":[{"href":"https:\/\/www.bagislargida.com\/index.php\/wp-json\/wp\/v2\/types\/product"}],"wp:featuredmedia":[{"embeddable":true,"href":"https:\/\/www.bagislargida.com\/index.php\/wp-json\/wp\/v2\/media\/24941"}],"wp:attachment":[{"href":"https:\/\/www.bagislargida.com\/index.php\/wp-json\/wp\/v2\/media?parent=24940"}],"wp:term":[{"taxonomy":"product_brand","embeddable":true,"href":"https:\/\/www.bagislargida.com\/index.php\/wp-json\/wp\/v2\/product_brand?post=24940"},{"taxonomy":"product_cat","embeddable":true,"href":"https:\/\/www.bagislargida.com\/index.php\/wp-json\/wp\/v2\/product_cat?post=24940"},{"taxonomy":"product_tag","embeddable":true,"href":"https:\/\/www.bagislargida.com\/index.php\/wp-json\/wp\/v2\/product_tag?post=24940"}],"curies":[{"name":"wp","href":"https:\/\/api.w.org\/{rel}","templated":true}]}}