{"id":19762,"date":"2019-02-08T01:32:32","date_gmt":"2019-02-07T22:32:32","guid":{"rendered":"https:\/\/www.bagislargida.com\/?post_type=product&#038;p=19762"},"modified":"2025-04-24T14:13:48","modified_gmt":"2025-04-24T11:13:48","slug":"bagislar-sari-bugday-unu-2-kg","status":"publish","type":"product","link":"https:\/\/www.bagislargida.com\/index.php\/product\/bagislar-sari-bugday-unu-2-kg\/","title":{"rendered":"Ba\u011f\u0131\u015flar Sar\u0131 Bu\u011fday Unu 2 Kg"},"content":{"rendered":"<div class=\"fusion-text\">\n<p>En kaliteli durum bu\u011fdaylar\u0131ndan ortaya \u00e7\u0131kan Sar\u0131 Bu\u011fday Unu.<\/p>\n<p>Ekmeklerinize do\u011fal sar\u0131 rengi verir.<\/p>\n<\/div>\n<p>Protein : min%12,5<\/p>\n<p>&nbsp;<\/p>\n","protected":false},"excerpt":{"rendered":"<div class=\"fusion-text\">\n<p>En kaliteli durum bu\u011fdaylar\u0131ndan ortaya \u00e7\u0131kan Sar\u0131 Bu\u011fday Unu.<\/p>\n<p>Ekmeklerinize do\u011fal sar\u0131 rengi verir.<\/p>\n<ul>\n<li>2 \u0130\u015f g\u00fcn\u00fc i\u00e7erisinde kargoya teslim edilir.<\/li>\n<\/ul>\n<\/div>\n","protected":false},"featured_media":19692,"template":"","meta":{"_monsterinsights_skip_tracking":false,"_monsterinsights_sitenote_active":false,"_monsterinsights_sitenote_note":"","_monsterinsights_sitenote_category":0},"product_brand":[],"product_cat":[85],"product_tag":[271,272,270,87],"class_list":{"0":"post-19762","1":"product","2":"type-product","3":"status-publish","4":"has-post-thumbnail","6":"product_cat-bugday-unu","7":"product_tag-bugday","8":"product_tag-durum","9":"product_tag-sari","10":"product_tag-un","12":"first","13":"instock","14":"taxable","15":"shipping-taxable","16":"purchasable","17":"product-type-simple"},"_links":{"self":[{"href":"https:\/\/www.bagislargida.com\/index.php\/wp-json\/wp\/v2\/product\/19762","targetHints":{"allow":["GET"]}}],"collection":[{"href":"https:\/\/www.bagislargida.com\/index.php\/wp-json\/wp\/v2\/product"}],"about":[{"href":"https:\/\/www.bagislargida.com\/index.php\/wp-json\/wp\/v2\/types\/product"}],"wp:featuredmedia":[{"embeddable":true,"href":"https:\/\/www.bagislargida.com\/index.php\/wp-json\/wp\/v2\/media\/19692"}],"wp:attachment":[{"href":"https:\/\/www.bagislargida.com\/index.php\/wp-json\/wp\/v2\/media?parent=19762"}],"wp:term":[{"taxonomy":"product_brand","embeddable":true,"href":"https:\/\/www.bagislargida.com\/index.php\/wp-json\/wp\/v2\/product_brand?post=19762"},{"taxonomy":"product_cat","embeddable":true,"href":"https:\/\/www.bagislargida.com\/index.php\/wp-json\/wp\/v2\/product_cat?post=19762"},{"taxonomy":"product_tag","embeddable":true,"href":"https:\/\/www.bagislargida.com\/index.php\/wp-json\/wp\/v2\/product_tag?post=19762"}],"curies":[{"name":"wp","href":"https:\/\/api.w.org\/{rel}","templated":true}]}}