{"id":19689,"date":"2019-02-07T23:35:55","date_gmt":"2019-02-07T20:35:55","guid":{"rendered":"https:\/\/www.bagislargida.com\/?post_type=product&#038;p=19689"},"modified":"2025-04-24T14:14:34","modified_gmt":"2025-04-24T11:14:34","slug":"bagislar-binbirdane-tam-tahilli-un-2-kg","status":"publish","type":"product","link":"https:\/\/www.bagislargida.com\/index.php\/product\/bagislar-binbirdane-tam-tahilli-un-2-kg\/","title":{"rendered":"Ba\u011f\u0131\u015flar Binbirdane Tam Tah\u0131ll\u0131 Un 2 Kg"},"content":{"rendered":"<p>&nbsp;<\/p>\n<p>KULLANIM ALANI<br \/>\nEk\u015fi mayal\u0131 ekmek yap\u0131m\u0131nda kullan\u0131l\u0131r.<\/p>\n<p>\u0130\u00e7erisinde bulunan \u00e7e\u015fitli tohumlar sayesinde e\u015fsiz bir tat yakalars\u0131n\u0131z.<\/p>\n<p>\u00d6ZELL\u0130KLER\u0130<\/p>\n<p>Yo\u011fun artizan ekmek yap\u0131labilmektedir<br \/>\nKolay kabarmaktad\u0131r.<br \/>\nB\u00fcy\u00fck ekmeklerin i\u00e7i daha iyi pi\u015fmektedir.<br \/>\nSa\u011flam bir yap\u0131ya sahiptir.<br \/>\n\u00d6zenle se\u00e7ilmi\u015f bu\u011fdaylar kullan\u0131l\u0131r.<\/p>\n<p>Protein : min%12<\/p>\n","protected":false},"excerpt":{"rendered":"<p>\u0130\u00e7erisinde bulunan \u00e7e\u015fitli tohumlar sayesinde e\u015fsiz bir tat yakalars\u0131n\u0131z.<\/p>\n<p>Ek\u015fi mayal\u0131 ekmek yap\u0131m\u0131nda kullan\u0131l\u0131r.<\/p>\n<p>Ek\u015fi mayal\u0131 ekmeklerde e\u015fsiz bir tat verir.<\/p>\n<p>*KATKISIZ<\/p>\n<ul>\n<li>2 i\u015f g\u00fcn\u00fc i\u00e7erisinde kargoya teslim edilir.<\/li>\n<\/ul>\n","protected":false},"featured_media":19690,"template":"","meta":{"_monsterinsights_skip_tracking":false,"_monsterinsights_sitenote_active":false,"_monsterinsights_sitenote_note":"","_monsterinsights_sitenote_category":0},"product_brand":[],"product_cat":[85],"product_tag":[86,89,88,87],"class_list":{"0":"post-19689","1":"product","2":"type-product","3":"status-publish","4":"has-post-thumbnail","6":"product_cat-bugday-unu","7":"product_tag-binbirdane","8":"product_tag-eksimaya","9":"product_tag-tamtahilli","10":"product_tag-un","12":"first","13":"instock","14":"taxable","15":"shipping-taxable","16":"purchasable","17":"product-type-simple"},"_links":{"self":[{"href":"https:\/\/www.bagislargida.com\/index.php\/wp-json\/wp\/v2\/product\/19689","targetHints":{"allow":["GET"]}}],"collection":[{"href":"https:\/\/www.bagislargida.com\/index.php\/wp-json\/wp\/v2\/product"}],"about":[{"href":"https:\/\/www.bagislargida.com\/index.php\/wp-json\/wp\/v2\/types\/product"}],"wp:featuredmedia":[{"embeddable":true,"href":"https:\/\/www.bagislargida.com\/index.php\/wp-json\/wp\/v2\/media\/19690"}],"wp:attachment":[{"href":"https:\/\/www.bagislargida.com\/index.php\/wp-json\/wp\/v2\/media?parent=19689"}],"wp:term":[{"taxonomy":"product_brand","embeddable":true,"href":"https:\/\/www.bagislargida.com\/index.php\/wp-json\/wp\/v2\/product_brand?post=19689"},{"taxonomy":"product_cat","embeddable":true,"href":"https:\/\/www.bagislargida.com\/index.php\/wp-json\/wp\/v2\/product_cat?post=19689"},{"taxonomy":"product_tag","embeddable":true,"href":"https:\/\/www.bagislargida.com\/index.php\/wp-json\/wp\/v2\/product_tag?post=19689"}],"curies":[{"name":"wp","href":"https:\/\/api.w.org\/{rel}","templated":true}]}}